{"id":605,"date":"2021-03-25T11:06:45","date_gmt":"2021-03-25T10:06:45","guid":{"rendered":"http:\/\/www.medical-nzoz.pl\/?page_id=605"},"modified":"2021-03-25T12:27:58","modified_gmt":"2021-03-25T11:27:58","slug":"pediatria-2","status":"publish","type":"page","link":"https:\/\/www.medical-nzoz.pl\/index.php\/gabinety-specjalistyczne\/pediatria-2\/","title":{"rendered":"Pediatria"},"content":{"rendered":"<div style='padding-bottom:10px;' class='av-special-heading av-special-heading-h3    '><h3 class='av-special-heading-tag'  itemprop=\"headline\"  >Pediatria<\/h3><div class='special-heading-border'><div class='special-heading-inner-border' ><\/div><\/div><\/div>\n<section class=\"av_textblock_section\"  itemscope=\"itemscope\" itemtype=\"https:\/\/schema.org\/CreativeWork\" ><div class='avia_textblock '   itemprop=\"text\" ><ul>\n<li style=\"list-style-type: none;\">\n<ul>\n<li><strong>LEK. MED. Aleksandra Rybaczy\u0144ska<\/strong> &#8211; specjalista chor\u00f3b dzieci\u0119cych. Specjalista onkologii i hematologii dzieci\u0119cej<\/li>\n<\/ul>\n<\/li>\n<\/ul>\n<p>Tel. 61 843 00 40<\/p>\n<\/div><\/section>\n","protected":false},"excerpt":{"rendered":"","protected":false},"author":1,"featured_media":0,"parent":45,"menu_order":0,"comment_status":"closed","ping_status":"closed","template":"","meta":[],"_links":{"self":[{"href":"https:\/\/www.medical-nzoz.pl\/index.php\/wp-json\/wp\/v2\/pages\/605"}],"collection":[{"href":"https:\/\/www.medical-nzoz.pl\/index.php\/wp-json\/wp\/v2\/pages"}],"about":[{"href":"https:\/\/www.medical-nzoz.pl\/index.php\/wp-json\/wp\/v2\/types\/page"}],"author":[{"embeddable":true,"href":"https:\/\/www.medical-nzoz.pl\/index.php\/wp-json\/wp\/v2\/users\/1"}],"replies":[{"embeddable":true,"href":"https:\/\/www.medical-nzoz.pl\/index.php\/wp-json\/wp\/v2\/comments?post=605"}],"version-history":[{"count":8,"href":"https:\/\/www.medical-nzoz.pl\/index.php\/wp-json\/wp\/v2\/pages\/605\/revisions"}],"predecessor-version":[{"id":611,"href":"https:\/\/www.medical-nzoz.pl\/index.php\/wp-json\/wp\/v2\/pages\/605\/revisions\/611"}],"up":[{"embeddable":true,"href":"https:\/\/www.medical-nzoz.pl\/index.php\/wp-json\/wp\/v2\/pages\/45"}],"wp:attachment":[{"href":"https:\/\/www.medical-nzoz.pl\/index.php\/wp-json\/wp\/v2\/media?parent=605"}],"curies":[{"name":"wp","href":"https:\/\/api.w.org\/{rel}","templated":true}]}}