{"id":49,"date":"2019-01-12T22:35:18","date_gmt":"2019-01-12T21:35:18","guid":{"rendered":"http:\/\/www.medical-nzoz.pl\/?page_id=49"},"modified":"2019-03-13T21:57:30","modified_gmt":"2019-03-13T20:57:30","slug":"laboratorium-analityczne","status":"publish","type":"page","link":"https:\/\/www.medical-nzoz.pl\/index.php\/laboratorium-analityczne\/","title":{"rendered":"Laboratorium analityczne"},"content":{"rendered":"<div class=\"flex_column av_one_full first  \"><p><div style='padding-bottom:10px;' class='av-special-heading av-special-heading-h3    '><h3 class='av-special-heading-tag'  itemprop=\"headline\"  >Laboratorium analityczne<\/h3><div class='special-heading-border'><div class='special-heading-inner-border' ><\/div><\/div><\/div><br \/>\n<section class=\"av_textblock_section\"  itemscope=\"itemscope\" itemtype=\"https:\/\/schema.org\/CreativeWork\" ><div class='avia_textblock '   itemprop=\"text\" ><p><strong>Laboratorium Analityczne Medical<\/strong> rozpocz\u0119\u0142o swoj\u0105 dzia\u0142alno\u015b\u0107 w 2003 roku. \u015awiadczy us\u0142ugi diagnostyczne dla mieszka\u0144c\u00f3w Poznania i Wielkopolski.<\/p>\n<p>W laboratorium wszystkie badania obj\u0119te s\u0105 <strong>wewn\u0119trzn\u0105 kontrol\u0105 jako\u015bc<\/strong>i prowadzon\u0105 zgodnie z aktualnymi wytycznymi. Poddajemy si\u0119 r\u00f3wnie\u017c zewn\u0119trznej kontroli jako\u015bci w <strong>Powszechnym Programie Oceny Wiarygodno\u015bci Wynik\u00f3w Bada\u0144 Laboratoryjnych<\/strong>, kt\u00f3ry prowadzony jest przez Centralny O\u015brodek Bada\u0144 Jako\u015bci w Diagnostyce Laboratoryjnej w \u0141odzi.<\/p>\n<p><strong>Wysok\u0105 jako\u015b\u0107<\/strong> naszych us\u0142ug gwarantujemy mi\u0119dzy innymi poprzez wykwalifikowan\u0105 i dobrze przygotowan\u0105 zawodowo kadr\u0119 diagnost\u00f3w laboratoryjnych. Wszystkie analizatory posiadaj\u0105 wymagane w Polsce certyfikaty.<\/p>\n<p>Laboratorium pracuje w systemie zamkni\u0119tym pobierania krwi. kt\u00f3rego stosowanie \u015bwiadczy o nowoczesno\u015bci plac\u00f3wki i przestrzeganiu najwy\u017cszych standard\u00f3w jako\u015bci i bezpiecze\u0144stwa dla pacjent\u00f3w i personelu.<\/p>\n<p>Laboratorium \u015bwiadczy us\u0142ugi diagnostyczne: od poniedzia\u0142ku do pi\u0105tku w godzinach 7:00-14:00<\/p>\n<\/div><\/section><\/p><\/div>\n<div style='height:10px' class='hr hr-invisible '><span class='hr-inner ' ><span class='hr-inner-style'><\/span><\/span><\/div>\n<section class=\"av_textblock_section\"  itemscope=\"itemscope\" itemtype=\"https:\/\/schema.org\/CreativeWork\" ><div class='avia_textblock '   itemprop=\"text\" ><p style=\"text-align: center;\"><strong>Zapraszamy do galerii laboratorium analitycznego<\/strong><\/p>\n<\/div><\/section>\n<div style='height:10px' class='hr hr-invisible '><span class='hr-inner ' ><span class='hr-inner-style'><\/span><\/span><\/div>\n<div style='height:15px' class='hr hr-invisible '><span class='hr-inner ' ><span class='hr-inner-style'><\/span><\/span><\/div>\n<section class=\"av_textblock_section\"  itemscope=\"itemscope\" itemtype=\"https:\/\/schema.org\/CreativeWork\" ><div class='avia_textblock '   itemprop=\"text\" ><p><strong>Nasze urz\u0105dzenia:<\/strong><\/p>\n<\/div><\/section>\n<div style='height:5px' class='hr hr-invisible '><span class='hr-inner ' ><span class='hr-inner-style'><\/span><\/span><\/div>\n<div class=\"flex_column av_one_fourth first  \"><p><div class='avia-image-container avia_animated_image avia_animate_when_almost_visible pop-up av-styling-  avia-align-center '  itemscope=\"itemscope\" itemtype=\"https:\/\/schema.org\/ImageObject\"  ><div class='avia-image-container-inner'><img class='avia_image ' src='https:\/\/www.medical-nzoz.pl\/wp-content\/uploads\/2019\/02\/l4.jpg' alt='' title='l4'   itemprop=\"contentURL\"  \/><\/div><\/div><br \/>\n<section class=\"av_textblock_section\"  itemscope=\"itemscope\" itemtype=\"https:\/\/schema.org\/CreativeWork\" ><div class='avia_textblock '   itemprop=\"text\" ><p style=\"text-align: center;\">Aparaty do wykonywania analiz immunologicznych (Immulite) i biochemicznych (Airone 200 RA)<\/p>\n<\/div><\/section><\/p><\/div>\n<div class=\"flex_column av_one_fourth   \"><p><div class='avia-image-container avia_animated_image avia_animate_when_almost_visible pop-up av-styling-  avia-align-center '  itemscope=\"itemscope\" itemtype=\"https:\/\/schema.org\/ImageObject\"  ><div class='avia-image-container-inner'><img class='avia_image ' src='https:\/\/www.medical-nzoz.pl\/wp-content\/uploads\/2019\/02\/l5.jpg' alt='' title='l5'   itemprop=\"contentURL\"  \/><\/div><\/div><br \/>\n<section class=\"av_textblock_section\"  itemscope=\"itemscope\" itemtype=\"https:\/\/schema.org\/CreativeWork\" ><div class='avia_textblock '   itemprop=\"text\" ><p style=\"text-align: center;\">Aparat do oznaczenia morfologii krwi ABX Micros ES-60<\/p>\n<\/div><\/section><\/p><\/div>\n<div class=\"flex_column av_one_fourth   \"><p><div class='avia-image-container avia_animated_image avia_animate_when_almost_visible pop-up av-styling-  avia-align-center '  itemscope=\"itemscope\" itemtype=\"https:\/\/schema.org\/ImageObject\"  ><div class='avia-image-container-inner'><img class='avia_image ' src='https:\/\/www.medical-nzoz.pl\/wp-content\/uploads\/2019\/02\/l6.jpg' alt='' title='l6'   itemprop=\"contentURL\"  \/><\/div><\/div><br \/>\n<section class=\"av_textblock_section\"  itemscope=\"itemscope\" itemtype=\"https:\/\/schema.org\/CreativeWork\" ><div class='avia_textblock '   itemprop=\"text\" ><p style=\"text-align: center;\">Aparat do oznaczenia bada\u0144 biochemicznych A-15<\/p>\n<\/div><\/section><\/p><\/div>\n<div class=\"flex_column av_one_fourth   \"><p><div class='avia-image-container avia_animated_image avia_animate_when_almost_visible pop-up av-styling-  avia-align-center '  itemscope=\"itemscope\" itemtype=\"https:\/\/schema.org\/ImageObject\"  ><div class='avia-image-container-inner'><img class='avia_image ' src='https:\/\/www.medical-nzoz.pl\/wp-content\/uploads\/2019\/02\/l7.jpg' alt='' title='l7'   itemprop=\"contentURL\"  \/><\/div><\/div><br \/>\n<section class=\"av_textblock_section\"  itemscope=\"itemscope\" itemtype=\"https:\/\/schema.org\/CreativeWork\" ><div class='avia_textblock '   itemprop=\"text\" ><p style=\"text-align: center;\">Pok\u00f3j pobra\u0144 materia\u0142u do wykonywania analiz<\/p>\n<\/div><\/section><\/p><\/div>\n<div style='height:15px' class='hr hr-invisible '><span class='hr-inner ' ><span class='hr-inner-style'><\/span><\/span><\/div>\n<section class=\"av_textblock_section\"  itemscope=\"itemscope\" itemtype=\"https:\/\/schema.org\/CreativeWork\" ><div class='avia_textblock '   itemprop=\"text\" ><p>Szczeg\u00f3\u0142y dotycz\u0105ce bada\u0144 laboratoryjnych udzielamy pod numerem telefonu 61 8430040 lub pod adresem mailowym: <a href=\"mailto:laboratorium@medical-nzoz.pl\">laboratorium@medical-nzoz.pl<\/a><\/p>\n<\/div><\/section>\n","protected":false},"excerpt":{"rendered":"","protected":false},"author":1,"featured_media":0,"parent":0,"menu_order":0,"comment_status":"closed","ping_status":"closed","template":"","meta":[],"_links":{"self":[{"href":"https:\/\/www.medical-nzoz.pl\/index.php\/wp-json\/wp\/v2\/pages\/49"}],"collection":[{"href":"https:\/\/www.medical-nzoz.pl\/index.php\/wp-json\/wp\/v2\/pages"}],"about":[{"href":"https:\/\/www.medical-nzoz.pl\/index.php\/wp-json\/wp\/v2\/types\/page"}],"author":[{"embeddable":true,"href":"https:\/\/www.medical-nzoz.pl\/index.php\/wp-json\/wp\/v2\/users\/1"}],"replies":[{"embeddable":true,"href":"https:\/\/www.medical-nzoz.pl\/index.php\/wp-json\/wp\/v2\/comments?post=49"}],"version-history":[{"count":22,"href":"https:\/\/www.medical-nzoz.pl\/index.php\/wp-json\/wp\/v2\/pages\/49\/revisions"}],"predecessor-version":[{"id":530,"href":"https:\/\/www.medical-nzoz.pl\/index.php\/wp-json\/wp\/v2\/pages\/49\/revisions\/530"}],"wp:attachment":[{"href":"https:\/\/www.medical-nzoz.pl\/index.php\/wp-json\/wp\/v2\/media?parent=49"}],"curies":[{"name":"wp","href":"https:\/\/api.w.org\/{rel}","templated":true}]}}