{"id":177,"date":"2019-01-28T21:10:46","date_gmt":"2019-01-28T20:10:46","guid":{"rendered":"http:\/\/www.medical-nzoz.pl\/?page_id=177"},"modified":"2019-03-08T22:22:43","modified_gmt":"2019-03-08T21:22:43","slug":"pracownia-radiologiczna","status":"publish","type":"page","link":"https:\/\/www.medical-nzoz.pl\/index.php\/diagnostyka\/pracownia-radiologiczna\/","title":{"rendered":"Pracownia radiologiczna"},"content":{"rendered":"<div class=\"flex_column av_one_full first  \"><p><div style='padding-bottom:10px;' class='av-special-heading av-special-heading-h3    '><h3 class='av-special-heading-tag'  itemprop=\"headline\"  >Pracownia radiologiczna<\/h3><div class='special-heading-border'><div class='special-heading-inner-border' ><\/div><\/div><\/div><br \/>\n<section class=\"av_textblock_section\"  itemscope=\"itemscope\" itemtype=\"https:\/\/schema.org\/CreativeWork\" ><div class='avia_textblock '   itemprop=\"text\" ><p>Pracownia wyposa\u017cona w profesjonalny sprz\u0119t najnowszej generacji firmy Siemens. Aparat cechuje si\u0119 bardzo wysok\u0105 jako\u015bci\u0105 wykonywanych zdj\u0119\u0107. Systematycznie wykonywane s\u0105 specjalistyczne testy kontroli jako\u015bci dotycz\u0105ce poprawnego wywo\u0142ywania zdj\u0119\u0107 oraz w\u0142a\u015bciwego dzia\u0142ania aparatury RTG.<\/p>\n<p>Pracownia RTG wykonuje diagnostyk\u0119 radiologiczn\u0105 w zakresie radiologii klasycznej ca\u0142ego cia\u0142a.<\/p>\n<p>Podstaw\u0105 wykonania zdj\u0119cia rentgenowskiego jest skierowanie od lekarza.<\/p>\n<p>Godziny Pracy:<\/p>\n<p>Poniedzia\u0142ek \u2013 od godz. 8:00 do godz. 14:00<br \/>\nWtorek\u2013 od godz. 8:00 do godz. 14:00<br \/>\n\u015aroda \u2013 od godz. 10:30 do godz. 17:30<br \/>\nCzwartek \u2013 od godz. 8:00 do godz. 14:00<br \/>\nPi\u0105tek \u2013 od godz. 8:00 do godz. 14:00<\/p>\n<\/div><\/section><\/p><\/div>\n","protected":false},"excerpt":{"rendered":"","protected":false},"author":1,"featured_media":0,"parent":47,"menu_order":0,"comment_status":"closed","ping_status":"closed","template":"","meta":[],"_links":{"self":[{"href":"https:\/\/www.medical-nzoz.pl\/index.php\/wp-json\/wp\/v2\/pages\/177"}],"collection":[{"href":"https:\/\/www.medical-nzoz.pl\/index.php\/wp-json\/wp\/v2\/pages"}],"about":[{"href":"https:\/\/www.medical-nzoz.pl\/index.php\/wp-json\/wp\/v2\/types\/page"}],"author":[{"embeddable":true,"href":"https:\/\/www.medical-nzoz.pl\/index.php\/wp-json\/wp\/v2\/users\/1"}],"replies":[{"embeddable":true,"href":"https:\/\/www.medical-nzoz.pl\/index.php\/wp-json\/wp\/v2\/comments?post=177"}],"version-history":[{"count":2,"href":"https:\/\/www.medical-nzoz.pl\/index.php\/wp-json\/wp\/v2\/pages\/177\/revisions"}],"predecessor-version":[{"id":527,"href":"https:\/\/www.medical-nzoz.pl\/index.php\/wp-json\/wp\/v2\/pages\/177\/revisions\/527"}],"up":[{"embeddable":true,"href":"https:\/\/www.medical-nzoz.pl\/index.php\/wp-json\/wp\/v2\/pages\/47"}],"wp:attachment":[{"href":"https:\/\/www.medical-nzoz.pl\/index.php\/wp-json\/wp\/v2\/media?parent=177"}],"curies":[{"name":"wp","href":"https:\/\/api.w.org\/{rel}","templated":true}]}}