{"id":111,"date":"2019-01-28T15:58:36","date_gmt":"2019-01-28T14:58:36","guid":{"rendered":"http:\/\/www.medical-nzoz.pl\/?page_id=111"},"modified":"2022-06-09T11:46:05","modified_gmt":"2022-06-09T09:46:05","slug":"zespol-pielegniarek","status":"publish","type":"page","link":"https:\/\/www.medical-nzoz.pl\/index.php\/o-nas\/zespol-pielegniarek\/","title":{"rendered":"Zesp\u00f3\u0142 piel\u0119gniarek"},"content":{"rendered":"<div class=\"flex_column av_one_full first  \"><p><div style='padding-bottom:10px;' class='av-special-heading av-special-heading-h3    '><h3 class='av-special-heading-tag'  itemprop=\"headline\"  >Zesp\u00f3\u0142 piel\u0119gniarek<\/h3><div class='special-heading-border'><div class='special-heading-inner-border' ><\/div><\/div><\/div><br \/>\n<section class=\"av_textblock_section\"  itemscope=\"itemscope\" itemtype=\"https:\/\/schema.org\/CreativeWork\" ><div class='avia_textblock '   itemprop=\"text\" ><p>Profesjonalny zesp\u00f3\u0142 piel\u0119gniarski tworzy:<\/p>\n<ul>\n<li style=\"list-style-type: none;\">\n<ul>\n<li>Donata \u015awi\u0105tek-Lubczy\u0144ska<\/li>\n<\/ul>\n<\/li>\n<\/ul>\n<ul>\n<li style=\"list-style-type: none;\">\n<ul>\n<li>Katarzyna Hytra<\/li>\n<\/ul>\n<\/li>\n<\/ul>\n<ul>\n<li style=\"list-style-type: none;\">\n<ul>\n<li>na czele z Piel\u0119gniark\u0105 Naczeln\u0105: Ewelin\u0105 Eliasz.<\/li>\n<\/ul>\n<\/li>\n<\/ul>\n<p>Zesp\u00f3\u0142 pozostaje do Pa\u0144stwa dyspozycji w ka\u017cdej chwili s\u0142u\u017c\u0105c wsparciem i pomoc\u0105 przy rejestracji bada\u0144 i rozwi\u0105zaniu przy tym ewentualnych problem\u00f3w oraz po\u015bredniczy pomi\u0119dzy Pacjentem a Lekarzem.<\/p>\n<\/div><\/section><\/p><\/div>\n","protected":false},"excerpt":{"rendered":"","protected":false},"author":1,"featured_media":0,"parent":41,"menu_order":0,"comment_status":"closed","ping_status":"closed","template":"","meta":[],"_links":{"self":[{"href":"https:\/\/www.medical-nzoz.pl\/index.php\/wp-json\/wp\/v2\/pages\/111"}],"collection":[{"href":"https:\/\/www.medical-nzoz.pl\/index.php\/wp-json\/wp\/v2\/pages"}],"about":[{"href":"https:\/\/www.medical-nzoz.pl\/index.php\/wp-json\/wp\/v2\/types\/page"}],"author":[{"embeddable":true,"href":"https:\/\/www.medical-nzoz.pl\/index.php\/wp-json\/wp\/v2\/users\/1"}],"replies":[{"embeddable":true,"href":"https:\/\/www.medical-nzoz.pl\/index.php\/wp-json\/wp\/v2\/comments?post=111"}],"version-history":[{"count":6,"href":"https:\/\/www.medical-nzoz.pl\/index.php\/wp-json\/wp\/v2\/pages\/111\/revisions"}],"predecessor-version":[{"id":677,"href":"https:\/\/www.medical-nzoz.pl\/index.php\/wp-json\/wp\/v2\/pages\/111\/revisions\/677"}],"up":[{"embeddable":true,"href":"https:\/\/www.medical-nzoz.pl\/index.php\/wp-json\/wp\/v2\/pages\/41"}],"wp:attachment":[{"href":"https:\/\/www.medical-nzoz.pl\/index.php\/wp-json\/wp\/v2\/media?parent=111"}],"curies":[{"name":"wp","href":"https:\/\/api.w.org\/{rel}","templated":true}]}}